{"id":164,"date":"2016-10-22T09:48:09","date_gmt":"2016-10-22T09:48:09","guid":{"rendered":"http:\/\/thomasdewildeperso.free.fr\/?page_id=164"},"modified":"2019-01-28T13:47:45","modified_gmt":"2019-01-28T13:47:45","slug":"le-constructeur","status":"publish","type":"page","link":"http:\/\/www.flying-rv7.com\/?page_id=164","title":{"rendered":"Presentation du constructeur"},"content":{"rendered":"<p><center><img src=\"http:\/\/www.flying-rv7.com\/wp-content\/uploads\/2014\/09\/TDW_L4_1.jpeg\" alt=\"\" \/><\/center><\/p>\n<p>\nA force de c\u00f4toyer mes domaines professionnels que sont l&#8217;A\u00e9ronautique, la D\u00e9fense et la S\u00e9curit\u00e9, j&#8217;y ai rencontr\u00e9 des personnalit\u00e9s d&#8217;exception (pilotes de chasse &amp; drones, de ligne, navigateurs, experts en ergonomie, facteurs humains, essais en vol, s\u00e9curit\u00e9 des vols, normes a\u00e9ronautiques militaires, industriels, managers), j&#8217;ai attrap\u00e9 le virus de l&#8217;aviation, devenue une de mes passions.<\/p>\n<p>Mon brevet de Pilote priv\u00e9 en poche, j&#8217;ai voulu partager un peu plus qu&#8217;avec mes passagers cette passion en passant le dipl\u00f4me CAEA donnant le droit d&#8217;enseigner l&#8217;aviation de mani\u00e8re th\u00e9orique.<\/p>\n<p>J&#8217;ai d\u00e9but\u00e9 la voltige afin de passer le premier cycle (Merville).<\/p>\n<p>Pour pouvoir profiter avec une libert\u00e9 maximale j&#8217;ai entam\u00e9 la construction d&#8217;un VANS RV-7 qui constitue pour moi la quadrature du cercle en terme de simplicit\u00e9, rapidit\u00e9, performances, confort&#8230;<\/p>\n<p>Pour appr\u00e9hender les avions \u00e0 train classique et par passion pour l&#8217;histoire, je pilote un Piper L4-H ayant particip\u00e9 \u00e0 la Seconde Guerre Mondiale de 1943 \u00e0 1944.<\/p>\n<p>Certains constructeurs aiment construire, je suis de ceux qui aiment voler. Ce projet de construction n&#8217;est pas celui d&#8217;une ann\u00e9e mais s&#8217;\u00e9tale sur plusieurs ann\u00e9es afin de maintenir l&#8217;\u00e9quilibre entre vie de famille, vie sociale, budget et vie professionnelle.<\/p>\n<div class=\"addtoany_share_save_container\"><div class=\"a2a_kit a2a_target addtoany_list\" id=\"wpa2a_1\"><a class=\"a2a_button_facebook\" href=\"http:\/\/www.addtoany.com\/add_to\/facebook?linkurl=http%3A%2F%2Fwww.flying-rv7.com%2F%3Fpage_id%3D164&amp;linkname=Presentation%20du%20constructeur\" title=\"Facebook\" rel=\"nofollow\" target=\"_blank\"><img src=\"http:\/\/www.flying-rv7.com\/wp-content\/plugins\/add-to-any\/icons\/facebook.png\" width=\"16\" height=\"16\" alt=\"Facebook\"\/><\/a><a class=\"a2a_button_twitter\" href=\"http:\/\/www.addtoany.com\/add_to\/twitter?linkurl=http%3A%2F%2Fwww.flying-rv7.com%2F%3Fpage_id%3D164&amp;linkname=Presentation%20du%20constructeur\" title=\"Twitter\" rel=\"nofollow\" target=\"_blank\"><img src=\"http:\/\/www.flying-rv7.com\/wp-content\/plugins\/add-to-any\/icons\/twitter.png\" width=\"16\" height=\"16\" alt=\"Twitter\"\/><\/a><a class=\"a2a_button_google_plus\" href=\"http:\/\/www.addtoany.com\/add_to\/google_plus?linkurl=http%3A%2F%2Fwww.flying-rv7.com%2F%3Fpage_id%3D164&amp;linkname=Presentation%20du%20constructeur\" title=\"Google+\" rel=\"nofollow\" target=\"_blank\"><img src=\"http:\/\/www.flying-rv7.com\/wp-content\/plugins\/add-to-any\/icons\/google_plus.png\" width=\"16\" height=\"16\" alt=\"Google+\"\/><\/a><a class=\"a2a_dd addtoany_share_save\" href=\"http:\/\/www.addtoany.com\/share_save\" style=\"background:url(http:\/\/www.flying-rv7.com\/wp-content\/plugins\/add-to-any\/favicon.png) no-repeat scroll 4px 0px !important;padding:0 0 0 25px;display:inline-block;height:16px;vertical-align:middle\">Share<\/a>\n<script type=\"text\/javascript\"><!--\nwpa2a.script_load();\n\/\/--><\/script>\n<\/div><\/div>","protected":false},"excerpt":{"rendered":"<p>A force de c\u00f4toyer mes domaines professionnels que sont l&#8217;A\u00e9ronautique, la D\u00e9fense et la S\u00e9curit\u00e9, j&#8217;y ai rencontr\u00e9 des personnalit\u00e9s d&#8217;exception (pilotes de chasse &amp; drones, de ligne, navigateurs, experts <p><a href=\"http:\/\/www.flying-rv7.com\/?page_id=164\"><div class=\"readon\">Read more<\/div><\/a><\/p><\/p>\n","protected":false},"author":2,"featured_media":0,"parent":0,"menu_order":0,"comment_status":"open","ping_status":"closed","template":"","meta":[],"_links":{"self":[{"href":"http:\/\/www.flying-rv7.com\/index.php?rest_route=\/wp\/v2\/pages\/164"}],"collection":[{"href":"http:\/\/www.flying-rv7.com\/index.php?rest_route=\/wp\/v2\/pages"}],"about":[{"href":"http:\/\/www.flying-rv7.com\/index.php?rest_route=\/wp\/v2\/types\/page"}],"author":[{"embeddable":true,"href":"http:\/\/www.flying-rv7.com\/index.php?rest_route=\/wp\/v2\/users\/2"}],"replies":[{"embeddable":true,"href":"http:\/\/www.flying-rv7.com\/index.php?rest_route=%2Fwp%2Fv2%2Fcomments&post=164"}],"version-history":[{"count":37,"href":"http:\/\/www.flying-rv7.com\/index.php?rest_route=\/wp\/v2\/pages\/164\/revisions"}],"predecessor-version":[{"id":3297,"href":"http:\/\/www.flying-rv7.com\/index.php?rest_route=\/wp\/v2\/pages\/164\/revisions\/3297"}],"wp:attachment":[{"href":"http:\/\/www.flying-rv7.com\/index.php?rest_route=%2Fwp%2Fv2%2Fmedia&parent=164"}],"curies":[{"name":"wp","href":"https:\/\/api.w.org\/{rel}","templated":true}]}}