{"id":169,"date":"2013-12-03T10:00:33","date_gmt":"2013-12-03T10:00:33","guid":{"rendered":"http:\/\/thomasdewildeperso.free.fr\/?page_id=169"},"modified":"2016-01-22T09:44:04","modified_gmt":"2016-01-22T09:44:04","slug":"lavion","status":"publish","type":"page","link":"http:\/\/www.flying-rv7.com\/?page_id=169","title":{"rendered":"&#8230;au projet"},"content":{"rendered":"<p>A la fin de l&#8217;\u00e9tape 1, un certain nombre de choix ont \u00e9t\u00e9 n\u00e9cessaires.<\/p>\n<p>M\u00e9thode retenue pour affiner : Ouvrir toutes les portes en les fermant petit \u00e0 petit.<\/p>\n<ul>\n<li><strong>Construire un avion : en bois ? en composite ? en m\u00e9tal ?<\/strong><\/li>\n<\/ul>\n<p>=&gt; Ce sera du m\u00e9tal, le bois, bien que g\u00e9nial \u00e0 travailler, ne me plaisait pas. Le composite, il faut s&#8217;y connaitre un peu, et j&#8217;y connais rien.<\/p>\n<ul>\n<li><strong>Construire \u00e0 partir de plan ? D&#8217;un lot mati\u00e8re ? En kit ?<\/strong><\/li>\n<\/ul>\n<p>=&gt; Ce sera un lot mati\u00e8re, en effet, je ne me sens pas encore mur pour fabriquer un avion \u00e0 partir d&#8217;un plan et d&#8217;un tas de t\u00f4les. Le lot mati\u00e8re a l&#8217;avantage d&#8217;avoir des pi\u00e8ces pr\u00e9-form\u00e9es et rend la certification plus simple en France. L&#8217;avion en kit est int\u00e9ressant mais moins \u00e9vident \u00e0 certifier en France.<\/p>\n<ul>\n<li><strong>Combien de places ?<\/strong><\/li>\n<\/ul>\n<p>Ayant une grande famille, un avion 4 places (voir 5) est l&#8217;id\u00e9al mais apr\u00e8s avoir fait une \u00e9tude de co\u00fbts, j&#8217;ai vite abandonn\u00e9 cette option. Ce sera donc un avion 2 places.<br \/>\n2 places c\u00f4te \u00e0 c\u00f4te, je consid\u00e8re cette disposition plus agr\u00e9able pour les passagers non-initi\u00e9s.<\/p>\n<ul>\n<li><strong>Un avion pour quoi faire ?<\/strong><\/li>\n<\/ul>\n<p>Pour voyager vite et loin, maniable, capable d&#8217;atterrir et\u00a0d\u00e9coller\u00a0sur de courtes distances (ouverture aux projets futurs).<br \/>\nAnticipant\u00a0l&#8217;envie de passer le premier de cycle de voltige, le besoin d&#8217;un avion con\u00e7u pour ces figures est indispensable.<\/p>\n<div class=\"addtoany_share_save_container\"><div class=\"a2a_kit a2a_target addtoany_list\" id=\"wpa2a_1\"><a class=\"a2a_button_facebook\" href=\"http:\/\/www.addtoany.com\/add_to\/facebook?linkurl=http%3A%2F%2Fwww.flying-rv7.com%2F%3Fpage_id%3D169&amp;linkname=%E2%80%A6au%20projet\" title=\"Facebook\" rel=\"nofollow\" target=\"_blank\"><img src=\"http:\/\/www.flying-rv7.com\/wp-content\/plugins\/add-to-any\/icons\/facebook.png\" width=\"16\" height=\"16\" alt=\"Facebook\"\/><\/a><a class=\"a2a_button_twitter\" href=\"http:\/\/www.addtoany.com\/add_to\/twitter?linkurl=http%3A%2F%2Fwww.flying-rv7.com%2F%3Fpage_id%3D169&amp;linkname=%E2%80%A6au%20projet\" title=\"Twitter\" rel=\"nofollow\" target=\"_blank\"><img src=\"http:\/\/www.flying-rv7.com\/wp-content\/plugins\/add-to-any\/icons\/twitter.png\" width=\"16\" height=\"16\" alt=\"Twitter\"\/><\/a><a class=\"a2a_button_google_plus\" href=\"http:\/\/www.addtoany.com\/add_to\/google_plus?linkurl=http%3A%2F%2Fwww.flying-rv7.com%2F%3Fpage_id%3D169&amp;linkname=%E2%80%A6au%20projet\" title=\"Google+\" rel=\"nofollow\" target=\"_blank\"><img src=\"http:\/\/www.flying-rv7.com\/wp-content\/plugins\/add-to-any\/icons\/google_plus.png\" width=\"16\" height=\"16\" alt=\"Google+\"\/><\/a><a class=\"a2a_dd addtoany_share_save\" href=\"http:\/\/www.addtoany.com\/share_save\" style=\"background:url(http:\/\/www.flying-rv7.com\/wp-content\/plugins\/add-to-any\/favicon.png) no-repeat scroll 4px 0px !important;padding:0 0 0 25px;display:inline-block;height:16px;vertical-align:middle\">Share<\/a>\n<script type=\"text\/javascript\"><!--\nwpa2a.script_load();\n\/\/--><\/script>\n<\/div><\/div>","protected":false},"excerpt":{"rendered":"<p>A la fin de l&#8217;\u00e9tape 1, un certain nombre de choix ont \u00e9t\u00e9 n\u00e9cessaires. M\u00e9thode retenue pour affiner : Ouvrir toutes les portes en les fermant petit \u00e0 petit. Construire <p><a href=\"http:\/\/www.flying-rv7.com\/?page_id=169\"><div class=\"readon\">Read more<\/div><\/a><\/p><\/p>\n","protected":false},"author":2,"featured_media":0,"parent":0,"menu_order":0,"comment_status":"open","ping_status":"closed","template":"","meta":[],"_links":{"self":[{"href":"http:\/\/www.flying-rv7.com\/index.php?rest_route=\/wp\/v2\/pages\/169"}],"collection":[{"href":"http:\/\/www.flying-rv7.com\/index.php?rest_route=\/wp\/v2\/pages"}],"about":[{"href":"http:\/\/www.flying-rv7.com\/index.php?rest_route=\/wp\/v2\/types\/page"}],"author":[{"embeddable":true,"href":"http:\/\/www.flying-rv7.com\/index.php?rest_route=\/wp\/v2\/users\/2"}],"replies":[{"embeddable":true,"href":"http:\/\/www.flying-rv7.com\/index.php?rest_route=%2Fwp%2Fv2%2Fcomments&post=169"}],"version-history":[{"count":7,"href":"http:\/\/www.flying-rv7.com\/index.php?rest_route=\/wp\/v2\/pages\/169\/revisions"}],"predecessor-version":[{"id":1256,"href":"http:\/\/www.flying-rv7.com\/index.php?rest_route=\/wp\/v2\/pages\/169\/revisions\/1256"}],"wp:attachment":[{"href":"http:\/\/www.flying-rv7.com\/index.php?rest_route=%2Fwp%2Fv2%2Fmedia&parent=169"}],"curies":[{"name":"wp","href":"https:\/\/api.w.org\/{rel}","templated":true}]}}