{"id":263,"date":"2016-10-22T14:00:26","date_gmt":"2016-10-22T14:00:26","guid":{"rendered":"http:\/\/www.flying-rv7.com\/?page_id=263"},"modified":"2020-05-14T19:18:58","modified_gmt":"2020-05-14T19:18:58","slug":"home","status":"publish","type":"page","link":"http:\/\/www.flying-rv7.com\/?lang=fr","title":{"rendered":"Bienvenue a bord"},"content":{"rendered":"<p><center><img src=\"http:\/\/www.flying-rv7.com\/wp-content\/uploads\/2019\/01\/Capture-1.png\" alt=\"\" \/><\/center><br \/>\n<br \/>\n<div class=\"number1\"><p><span>01<\/span>&#8220;L\u2019aviation l\u00e9g\u00e8re est un moyen de transport rapide pour les gens qui ne sont pas press\u00e9s&#8221;<\/p><\/div><br \/>\n<div class=\"number1\"><p><span>02<\/span>&#8220;1 km de route ne m\u00e8ne nul part. 1 km de piste de d\u00e9collage m\u00e8ne partout&#8221;<\/p><\/div><br \/>\n<div class=\"number1\"><p><span>03<\/span>&#8220;Ce qui importe, ce n\u2019est pas d\u2019arriver, mais d\u2019aller vers.&#8221; Antoine de Saint Exupery<\/p><\/div><br \/>\n<div class=\"number1\"><p><span>04<\/span>&#8220;Faites que le r\u00eave d\u00e9vore votre vie afin que la vie ne d\u00e9vore pas votre r\u00eave.&#8221; Antoine de Saint Exupery<\/p><\/div><br \/>\n<div class=\"number1\"><p><span>05<\/span>&#8220;Apprends et regardes les erreurs des autres car tu ne vivras pas assez longtemps pour avoir le temps de les faire toutes&#8221;<\/p><\/div><br \/>\nCe site est simplement celui d&#8217;un passionn\u00e9 d&#8217;aviation: pilote et constructeur amateur d&#8217;un VANS RV7.<br \/>\nBonne visite !<\/p>\n<div class=\"clearboth\"><\/div>\n<div class=\"space40\"><\/div>\n<div class=\"htitle3 lines\"><span><span>Derniers<\/span> post<\/span><\/div>\n<p><div class=\"one_fourth\"><div class=\"shadowbox\"><div class=\"dp-thumb\">\n<img src=\"http:\/\/www.flying-rv7.com\/wp-content\/uploads\/2019\/01\/IMG_5001.jpg\" title=\"\" alt=\"\" \/>\n<div class=\"thumb-overlay\" style=\"background-color:rgba(228,117,79,0.8)\">\n<h4>Gouverne direction<\/h4>\n<p class=\"line\"><\/p>\n<p>La gouverne de direction est la partie en orange ci-dessous :\r\n\r\n\r\n\r\nSur le...<\/p>\n<p class=\"links\">\n<a rel=\"dp_lightbox[]\" title=\"Gouverne direction :: La gouverne de direction est la partie en orange ci-dessous...\" class=\"zoom\" href=\"http:\/\/www.flying-rv7.com\/wp-content\/uploads\/2019\/01\/IMG_5001.jpg\"  \/>\n<a title=\"View details\" class=\"post\" href=\"http:\/\/www.flying-rv7.com\/?p=1194\" \/><\/a>\n<\/p>\n<\/div><\/div><\/div>\n<\/div><div class=\"one_fourth\"><div class=\"shadowbox\"><div class=\"dp-thumb\">\n<img src=\"http:\/\/www.flying-rv7.com\/wp-content\/uploads\/2020\/05\/IMG_1632-e1589483333837.jpg\" title=\"\" alt=\"\" \/>\n<div class=\"thumb-overlay\" style=\"background-color:rgba(228,117,79,0.8)\">\n<h4>Piper L4-H<\/h4>\n<p class=\"line\"><\/p>\n<p>En Janvier 2019, j\u2019ai eu la chance d\u2019acqu\u00e9rir un avion mythique: un...<\/p>\n<p class=\"links\">\n<a rel=\"dp_lightbox[]\" title=\"Piper L4-H :: En Janvier 2019, j\u2019ai eu la chance d\u2019acqu\u00e9rir un avion...\" class=\"zoom\" href=\"http:\/\/www.flying-rv7.com\/wp-content\/uploads\/2020\/05\/IMG_1632-e1589483333837.jpg\"  \/>\n<a title=\"View details\" class=\"post\" href=\"http:\/\/www.flying-rv7.com\/?p=3257\" \/><\/a>\n<\/p>\n<\/div><\/div><\/div>\n<\/div><div class=\"one_fourth\"><div class=\"shadowbox\"><div class=\"dp-thumb\">\n<img src=\"http:\/\/www.flying-rv7.com\/wp-content\/uploads\/2019\/01\/IMG_4925.jpg\" title=\"\" alt=\"\" \/>\n<div class=\"thumb-overlay\" style=\"background-color:rgba(228,117,79,0.8)\">\n<h4>Rivetage de la peau de la gouverne horizontale<\/h4>\n<p class=\"line\"><\/p>\n<p>Le rivetage de la peau de la gouverne horizontale ne se fait...<\/p>\n<p class=\"links\">\n<a rel=\"dp_lightbox[]\" title=\"Rivetage de la peau de la gouverne horizontale :: Le rivetage de la peau de la gouverne horizontale ne...\" class=\"zoom\" href=\"http:\/\/www.flying-rv7.com\/wp-content\/uploads\/2019\/01\/IMG_4925.jpg\"  \/>\n<a title=\"View details\" class=\"post\" href=\"http:\/\/www.flying-rv7.com\/?p=981\" \/><\/a>\n<\/p>\n<\/div><\/div><\/div>\n<\/div><div class=\"one_fourth_last\"><div class=\"shadowbox\"><div class=\"dp-thumb\">\n<img src=\"http:\/\/www.flying-rv7.com\/wp-content\/uploads\/2019\/01\/IMG_4957-e1546721450334.jpg\" title=\"\" alt=\"\" \/>\n<div class=\"thumb-overlay\" style=\"background-color:rgba(228,117,79,0.8)\">\n<h4>Rivetage de la gouverne verticale<\/h4>\n<p class=\"line\"><\/p>\n<p>Apr\u00e8s le rivetage de la gouverne horizontale, la gouverne verticale ne pose...<\/p>\n<p class=\"links\">\n<a rel=\"dp_lightbox[]\" title=\"Rivetage de la gouverne verticale :: Apr\u00e8s le rivetage de la gouverne horizontale, la gouverne verticale...\" class=\"zoom\" href=\"http:\/\/www.flying-rv7.com\/wp-content\/uploads\/2019\/01\/IMG_4957-e1546721450334.jpg\"  \/>\n<a title=\"View details\" class=\"post\" href=\"http:\/\/www.flying-rv7.com\/?p=1048\" \/><\/a>\n<\/p>\n<\/div><\/div><\/div>\n<\/div><\/p>\n","protected":false},"excerpt":{"rendered":"<p>Ce site est simplement celui d&#8217;un passionn\u00e9 d&#8217;aviation: pilote et constructeur amateur d&#8217;un VANS RV7. Bonne visite ! Derniers post<\/p>\n","protected":false},"author":2,"featured_media":0,"parent":0,"menu_order":0,"comment_status":"open","ping_status":"closed","template":"","meta":[],"_links":{"self":[{"href":"http:\/\/www.flying-rv7.com\/index.php?rest_route=\/wp\/v2\/pages\/263"}],"collection":[{"href":"http:\/\/www.flying-rv7.com\/index.php?rest_route=\/wp\/v2\/pages"}],"about":[{"href":"http:\/\/www.flying-rv7.com\/index.php?rest_route=\/wp\/v2\/types\/page"}],"author":[{"embeddable":true,"href":"http:\/\/www.flying-rv7.com\/index.php?rest_route=\/wp\/v2\/users\/2"}],"replies":[{"embeddable":true,"href":"http:\/\/www.flying-rv7.com\/index.php?rest_route=%2Fwp%2Fv2%2Fcomments&post=263"}],"version-history":[{"count":98,"href":"http:\/\/www.flying-rv7.com\/index.php?rest_route=\/wp\/v2\/pages\/263\/revisions"}],"predecessor-version":[{"id":3382,"href":"http:\/\/www.flying-rv7.com\/index.php?rest_route=\/wp\/v2\/pages\/263\/revisions\/3382"}],"wp:attachment":[{"href":"http:\/\/www.flying-rv7.com\/index.php?rest_route=%2Fwp%2Fv2%2Fmedia&parent=263"}],"curies":[{"name":"wp","href":"https:\/\/api.w.org\/{rel}","templated":true}]}}