{"id":401,"date":"2014-03-24T11:23:06","date_gmt":"2014-03-24T11:23:06","guid":{"rendered":"http:\/\/www.flying-rv7.com\/?page_id=401"},"modified":"2019-01-05T21:29:49","modified_gmt":"2019-01-05T21:29:49","slug":"lavion-2","status":"publish","type":"page","link":"http:\/\/www.flying-rv7.com\/?page_id=401","title":{"rendered":"Presentation de l&#8217;avion en construction"},"content":{"rendered":"<ul class=\"bullet-3\"><li><strong>Pourquoi cet avion ?<\/strong><\/li><br \/>\nL&#8217;avion (livr\u00e9 en lots mati\u00e8res) que j&#8217;ai choisi est fabriqu\u00e9 par VANS Aircraft (USA), il s&#8217;agit du mod\u00e8le RV-7, tout en aluminium.<br \/>\n<br \/>\nDepuis plusieurs 10\u00e8nes d&#8217;ann\u00e9es, ce fabriquant de lots mati\u00e8res est pr\u00e9sent sur le march\u00e9 internationale.<br \/>\nPlusieurs milliers volent de par le monde (8 700 fin 2013), plusieurs milliers sont en cours de construction.<br \/>\nDe plus, de nombreux sites internet de constructeurs donnent des retours d&#8217;exp\u00e9riences int\u00e9ressants.<br \/>\n<br \/>\nAux Etats-Unis, les avions VANS sont, dans la classe avion de tourisme, ceux qui re\u00e7oivent le plus d&#8217;immatriculations.<br \/>\nA la base, fait pour les fermiers Am\u00e9ricains afin qu&#8217;ils puissent atterrirent dans leur ranch sur une piste sommaire, cela en fait des avions tr\u00e8s solides convenant un grand nombre de pilotes.<br \/>\n<br \/>\nAlors, pourquoi \u00e0 pas moi ?<\/p>\n<p><li><strong>Sp\u00e9cifications VANS RV-7<\/strong><\/li><\/p>\n<p><img loading=\"lazy\" class=\"size-full wp-image-402 aligncenter\" alt=\"Spec_FR\" src=\"http:\/\/www.flying-rv7.com\/wp-content\/uploads\/2014\/02\/Spec_RV7.jpg\" width=\"609\" height=\"426\" \/><\/p>\n<p><li><strong>Voici \u00e0 quoi ressemble un VANS RV-7 termin\u00e9<\/strong><\/li><br \/>\n<ul class=\"photo_gallery\">\n<li><a class=\"imgeffect plus\" href=\"http:\/\/www.flying-rv7.com\/wp-content\/uploads\/2013\/12\/IMG_8610.jpg \" title=\"Vans R7\"  alt=\"Vans R7\"  rel=\"dp_lightbox[gallery]\" class=\"imgeffect plus\"><img style=\"width:145px; height: 100px \" src=\"http:\/\/www.flying-rv7.com\/wp-content\/uploads\/2013\/12\/IMG_8610.jpg\"  \/><\/a><\/li>\n<li><a class=\"imgeffect plus\" href=\"http:\/\/www.flying-rv7.com\/wp-content\/uploads\/2013\/12\/2071665.jpg \" title=\"Vans R7\"  alt=\"Vans R7\"  rel=\"dp_lightbox[gallery]\" class=\"imgeffect plus\"><img style=\"width:145px; height: 100px \" src=\"http:\/\/www.flying-rv7.com\/wp-content\/uploads\/2013\/12\/2071665.jpg\"  \/><\/a><\/li>\n<li><a class=\"imgeffect plus\" href=\"http:\/\/www.flying-rv7.com\/wp-content\/uploads\/2013\/12\/2182144.jpg \" title=\"Vans R7\"  alt=\"Vans R7\"  rel=\"dp_lightbox[gallery]\" class=\"imgeffect plus\"><img style=\"width:145px; height: 100px \" src=\"http:\/\/www.flying-rv7.com\/wp-content\/uploads\/2013\/12\/2182144.jpg\"  \/><\/a><\/li>\n<li><a class=\"imgeffect plus\" href=\"http:\/\/www.flying-rv7.com\/wp-content\/uploads\/2013\/12\/x4rjuw.jpg \" title=\"Vans R7\"  alt=\"Vans R7\"  rel=\"dp_lightbox[gallery]\" class=\"imgeffect plus\"><img style=\"width:145px; height: 100px \" src=\"http:\/\/www.flying-rv7.com\/wp-content\/uploads\/2013\/12\/x4rjuw.jpg\"  \/><\/a><\/li>\n<li><a class=\"imgeffect plus\" href=\"http:\/\/www.flying-rv7.com\/wp-content\/uploads\/2013\/12\/2202862.jpg \" title=\"Vans R7\"  alt=\"Vans R7\"  rel=\"dp_lightbox[gallery]\" class=\"imgeffect plus\"><img style=\"width:145px; height: 100px \" src=\"http:\/\/www.flying-rv7.com\/wp-content\/uploads\/2013\/12\/2202862.jpg\"  \/><\/a><\/li>\n<li><a class=\"imgeffect plus\" href=\"http:\/\/www.flying-rv7.com\/wp-content\/uploads\/2013\/12\/2160146.jpg \" title=\"Vans R8\"  alt=\"Vans R8\"  rel=\"dp_lightbox[gallery]\" class=\"imgeffect plus\"><img style=\"width:145px; height: 100px \" src=\"http:\/\/www.flying-rv7.com\/wp-content\/uploads\/2013\/12\/2160146.jpg\"  \/><\/a><\/li>\n<li><a class=\"imgeffect plus\" href=\"http:\/\/www.flying-rv7.com\/wp-content\/uploads\/2013\/12\/DSCN3291.jpg \" title=\"Vans R7\"  alt=\"Vans R7\"  rel=\"dp_lightbox[gallery]\" class=\"imgeffect plus\"><img style=\"width:145px; height: 100px \" src=\"http:\/\/www.flying-rv7.com\/wp-content\/uploads\/2013\/12\/DSCN3291.jpg\"  \/><\/a><\/li>\n<li><a class=\"imgeffect plus\" href=\"http:\/\/www.flying-rv7.com\/wp-content\/uploads\/2013\/12\/2351290.jpg \" title=\"Vans R7\"  alt=\"Vans R7\"  rel=\"dp_lightbox[gallery]\" class=\"imgeffect plus\"><img style=\"width:145px; height: 100px \" src=\"http:\/\/www.flying-rv7.com\/wp-content\/uploads\/2013\/12\/2351290.jpg\"  \/><\/a><\/li>\n<li><a class=\"imgeffect plus\" href=\"http:\/\/www.flying-rv7.com\/wp-content\/uploads\/2013\/12\/flashpu8.jpg \" title=\"Vans R7\"  alt=\"Vans R7\"  rel=\"dp_lightbox[gallery]\" class=\"imgeffect plus\"><img style=\"width:145px; height: 100px \" src=\"http:\/\/www.flying-rv7.com\/wp-content\/uploads\/2013\/12\/flashpu8.jpg\"  \/><\/a><\/li>\n<li><a class=\"imgeffect plus\" href=\"http:\/\/www.flying-rv7.com\/wp-content\/uploads\/2013\/12\/2314780.jpg \" title=\"Vans R7\"  alt=\"Vans R7\"  rel=\"dp_lightbox[gallery]\" class=\"imgeffect plus\"><img style=\"width:145px; height: 100px \" src=\"http:\/\/www.flying-rv7.com\/wp-content\/uploads\/2013\/12\/2314780.jpg\"  \/><\/a><\/li>\n<\/ul><div style=\"clear:both\"><\/div><\/p>\n<p>\t<li><strong>Quelques vid\u00e9os de VANS \u00a0en vol<\/strong><\/li><br \/>\n<a title=\"VANS voltige dans les nuages\" href=\"http:\/\/www.youtube.com\/watch?v=s8LknKy0H0g\" target=\"_blank\">http:\/\/www.youtube.com\/watch?v=s8LknKy0H0g<\/a><br \/>\n<br \/>\n<a title=\"VANS RV-8 en vol\" href=\"http:\/\/www.youtube.com\/watch?v=mP8TZ1zYPlA\" target=\"_blank\">http:\/\/www.youtube.com\/watch?v=mP8TZ1zYPlA<\/a><br \/>\n<\/ul>\n<div class=\"addtoany_share_save_container\"><div class=\"a2a_kit a2a_target addtoany_list\" id=\"wpa2a_1\"><a class=\"a2a_button_facebook\" href=\"http:\/\/www.addtoany.com\/add_to\/facebook?linkurl=http%3A%2F%2Fwww.flying-rv7.com%2F%3Fpage_id%3D401&amp;linkname=Presentation%20de%20l%E2%80%99avion%20en%20construction\" title=\"Facebook\" rel=\"nofollow\" target=\"_blank\"><img src=\"http:\/\/www.flying-rv7.com\/wp-content\/plugins\/add-to-any\/icons\/facebook.png\" width=\"16\" height=\"16\" alt=\"Facebook\"\/><\/a><a class=\"a2a_button_twitter\" href=\"http:\/\/www.addtoany.com\/add_to\/twitter?linkurl=http%3A%2F%2Fwww.flying-rv7.com%2F%3Fpage_id%3D401&amp;linkname=Presentation%20de%20l%E2%80%99avion%20en%20construction\" title=\"Twitter\" rel=\"nofollow\" target=\"_blank\"><img src=\"http:\/\/www.flying-rv7.com\/wp-content\/plugins\/add-to-any\/icons\/twitter.png\" width=\"16\" height=\"16\" alt=\"Twitter\"\/><\/a><a class=\"a2a_button_google_plus\" href=\"http:\/\/www.addtoany.com\/add_to\/google_plus?linkurl=http%3A%2F%2Fwww.flying-rv7.com%2F%3Fpage_id%3D401&amp;linkname=Presentation%20de%20l%E2%80%99avion%20en%20construction\" title=\"Google+\" rel=\"nofollow\" target=\"_blank\"><img src=\"http:\/\/www.flying-rv7.com\/wp-content\/plugins\/add-to-any\/icons\/google_plus.png\" width=\"16\" height=\"16\" alt=\"Google+\"\/><\/a><a class=\"a2a_dd addtoany_share_save\" href=\"http:\/\/www.addtoany.com\/share_save\" style=\"background:url(http:\/\/www.flying-rv7.com\/wp-content\/plugins\/add-to-any\/favicon.png) no-repeat scroll 4px 0px !important;padding:0 0 0 25px;display:inline-block;height:16px;vertical-align:middle\">Share<\/a>\n<script type=\"text\/javascript\"><!--\nwpa2a.script_load();\n\/\/--><\/script>\n<\/div><\/div>","protected":false},"excerpt":{"rendered":"<p>Share<\/p>\n","protected":false},"author":2,"featured_media":0,"parent":0,"menu_order":0,"comment_status":"open","ping_status":"open","template":"","meta":[],"_links":{"self":[{"href":"http:\/\/www.flying-rv7.com\/index.php?rest_route=\/wp\/v2\/pages\/401"}],"collection":[{"href":"http:\/\/www.flying-rv7.com\/index.php?rest_route=\/wp\/v2\/pages"}],"about":[{"href":"http:\/\/www.flying-rv7.com\/index.php?rest_route=\/wp\/v2\/types\/page"}],"author":[{"embeddable":true,"href":"http:\/\/www.flying-rv7.com\/index.php?rest_route=\/wp\/v2\/users\/2"}],"replies":[{"embeddable":true,"href":"http:\/\/www.flying-rv7.com\/index.php?rest_route=%2Fwp%2Fv2%2Fcomments&post=401"}],"version-history":[{"count":36,"href":"http:\/\/www.flying-rv7.com\/index.php?rest_route=\/wp\/v2\/pages\/401\/revisions"}],"predecessor-version":[{"id":3138,"href":"http:\/\/www.flying-rv7.com\/index.php?rest_route=\/wp\/v2\/pages\/401\/revisions\/3138"}],"wp:attachment":[{"href":"http:\/\/www.flying-rv7.com\/index.php?rest_route=%2Fwp%2Fv2%2Fmedia&parent=401"}],"curies":[{"name":"wp","href":"https:\/\/api.w.org\/{rel}","templated":true}]}}