{"id":90,"date":"2013-11-21T21:32:50","date_gmt":"2013-11-21T21:32:50","guid":{"rendered":"http:\/\/thomasdewildeperso.free.fr\/?page_id=90"},"modified":"2019-01-05T22:06:20","modified_gmt":"2019-01-05T22:06:20","slug":"le-cheminement-dune-idee","status":"publish","type":"page","link":"http:\/\/www.flying-rv7.com\/?page_id=90","title":{"rendered":"De l&#8217;idee&#8230;au projet"},"content":{"rendered":"<p>Depuis plusieurs mois, je cherchais \u00e0 combler une partie de mes soir\u00e9es par un projet me permettant d&#8217;acqu\u00e9rir de nouvelles comp\u00e9tences et une fois termin\u00e9 pouvant apporter beaucoup de plaisirs.<br \/>\nCeci afin de m&#8217;\u00e9loigner des activit\u00e9s classiques de nombreuses personnes (y compris moi \u00e0 cette p\u00e9riode) : t\u00e9l\u00e9vision, internet, NETFLIX, &#8230;<br \/>\n<br \/>\nEn y allant par \u00e9tape, j&#8217;ai d\u00e9cid\u00e9 que ce sera un projet concernant une de mes passions : l&#8217;aviation.<br \/>\n<br \/>\nLe projet pris du temps \u00e0 prendre forme, \u00e0 m\u00fbrir avec plein de questions :<br \/>\nComment en apprendre encore plus sur la pratique de l&#8217;aviation, ses techniques, voler plus souvent, moins cher, plus loin, se passer tout simplement des compagnies a\u00e9riennes pour voyager en Europe&#8230;?<\/p>\n<ul class=\"bullet-3\"><br \/>\n<li><strong>Acheter un avion qui vole d\u00e9j\u00e0 ?<\/strong><\/li><br \/>\nId\u00e9e tr\u00e8s rapidement abandonn\u00e9e, trop cher et l&#8217;esprit de la r\u00e9flexion n&#8217;y \u00e9tait pas !<\/p>\n<p>\t<li><strong>Restaurer un avion<\/strong> (Ex : Piper Cub)<\/li><\/p>\n<p>Trop risqu\u00e9 aux niveaux financier et certification, besoin de beaucoup de place, jug\u00e9 trop complexe comme premier pas&#8230;pourtant envisag\u00e9 s\u00e9rieusement dans un premier temps. Les diverses discussions (DGAC, GSAC, ateliers de maintenance a\u00e9ro) ont eu raison de cette option&#8230;toujours pr\u00e9sente&#8230;<\/p>\n<p>\t<li><strong>Construire soi-m\u00eame un avion<\/strong><\/li><br \/>\nL\u00e0, tout y est : \u00c9tendre ses comp\u00e9tences, apprendre de nouvelles techniques, faire des choix d&#8217;impl\u00e9mentation, voler plus souvent, moins cher, connaitre sa machine (\u00e9l\u00e9ment de s\u00e9curit\u00e9), \u00e9tendre son r\u00e9seau puis ensuite partir en voyage.<\/p>\n<p>A partir de l\u00e0 : les rassemblements du RSA, la Fert\u00e9-Alais, divers contacts pris avec des constructeurs amateurs de par le monde, la visite de constructions en cours dans des garages de particuliers, des vols dans des avions pilot\u00e9s par leur constructeur, des associations, des pilotes, et internet sont devenus une mine d&#8217;informations !<\/p>\n<p>J&#8217;ai pr\u00e9sent\u00e9 ma r\u00e9flexion \u00e0 ma femme, qui comme d&#8217;habitude, m&#8217;a dit, vas-y !<\/p>\n<p>Alors j&#8217;y suis all\u00e9 par \u00e9tapes :<\/p>\n<p><strong>Etape 1 : Tester mes capacit\u00e9s \u00e0 appr\u00e9hender la m\u00e9canique<\/strong> (point crucial !)<br \/>\n<br \/>Achat d&#8217;une voiture sans \u00e9lectronique avec un plan de maintenance tr\u00e8s d\u00e9taill\u00e9.<br \/>\nJe fais toutes les maintenances et remplacement des pi\u00e8ces d&#8217;usure : je n&#8217;y vois aucune difficult\u00e9s, je commence \u00e0 \u00eatre rigoureux sur les types d&#8217;huiles, le couple de serrage des boulons, les m\u00e9thodes de traitement anticorrosion, &#8230;<br \/>\nBilan : 3 ans et la voiture roule toujours et tous les jours : Test r\u00e9ussi !<br \/>\n<br \/>\nJuillet 2014 : Voiture vendue !<\/p>\n<p><strong>Etape 2 : Le projet<br \/>\n<\/strong><br \/>\nA la fin de l&#8217;\u00e9tape 1, un certain nombre de choix ont \u00e9t\u00e9 n\u00e9cessaires.<br \/>\n<br \/>\nM\u00e9thode retenue pour affiner : Ouvrir toutes les portes en les fermant petit \u00e0 petit.<\/p>\n<p>\t<li><strong>Construire un avion : en bois ? en composite ? en m\u00e9tal ?<\/strong><\/li><br \/>\n=&gt; Ce sera du m\u00e9tal, le bois, bien que g\u00e9nial \u00e0 travailler, ne me plaisait pas. Le composite, il faut s&#8217;y connaitre un peu, et j&#8217;y connais rien.<\/p>\n<p>\t<li><strong>Construire \u00e0 partir de plan ? D&#8217;un lot mati\u00e8re ? En kit ?<\/strong><\/li><br \/>\n=&gt; Ce sera un lot mati\u00e8re, en effet, je ne me sens pas encore mur pour fabriquer un avion \u00e0 partir d&#8217;un plan et d&#8217;un tas de t\u00f4les. Le lot mati\u00e8re a l&#8217;avantage d&#8217;avoir des pi\u00e8ces pr\u00e9-form\u00e9es et rend la certification plus simple en France. L&#8217;avion en kit est int\u00e9ressant mais moins \u00e9vident \u00e0 certifier en France.<\/p>\n<p>\t<li><strong>Combien de places ?<\/strong><\/li><br \/>\nAyant une grande famille, un avion 4 places (voir 5) est l&#8217;id\u00e9al mais apr\u00e8s avoir fait une \u00e9tude de co\u00fbts, j&#8217;ai vite abandonn\u00e9 cette option. Ce sera donc un avion 2 places.<br \/>\n2 places c\u00f4te \u00e0 c\u00f4te, je consid\u00e8re cette disposition plus agr\u00e9able pour les passagers non-initi\u00e9s.<\/p>\n<p>\t<li><strong>Un avion pour quoi faire ?<\/strong><\/li><br \/>\nPour voyager vite et loin, maniable, capable d&#8217;atterrir et\u00a0d\u00e9coller\u00a0sur de courtes distances (ouverture aux projets futurs).<br \/>\nAnticipant\u00a0l&#8217;envie de passer le premier de cycle de voltige, le besoin d&#8217;un avion con\u00e7u pour ces figures est indispensable.<\/ul>\n<div class=\"addtoany_share_save_container\"><div class=\"a2a_kit a2a_target addtoany_list\" id=\"wpa2a_1\"><a class=\"a2a_button_facebook\" href=\"http:\/\/www.addtoany.com\/add_to\/facebook?linkurl=http%3A%2F%2Fwww.flying-rv7.com%2F%3Fpage_id%3D90&amp;linkname=De%20l%E2%80%99idee%E2%80%A6au%20projet\" title=\"Facebook\" rel=\"nofollow\" target=\"_blank\"><img src=\"http:\/\/www.flying-rv7.com\/wp-content\/plugins\/add-to-any\/icons\/facebook.png\" width=\"16\" height=\"16\" alt=\"Facebook\"\/><\/a><a class=\"a2a_button_twitter\" href=\"http:\/\/www.addtoany.com\/add_to\/twitter?linkurl=http%3A%2F%2Fwww.flying-rv7.com%2F%3Fpage_id%3D90&amp;linkname=De%20l%E2%80%99idee%E2%80%A6au%20projet\" title=\"Twitter\" rel=\"nofollow\" target=\"_blank\"><img src=\"http:\/\/www.flying-rv7.com\/wp-content\/plugins\/add-to-any\/icons\/twitter.png\" width=\"16\" height=\"16\" alt=\"Twitter\"\/><\/a><a class=\"a2a_button_google_plus\" href=\"http:\/\/www.addtoany.com\/add_to\/google_plus?linkurl=http%3A%2F%2Fwww.flying-rv7.com%2F%3Fpage_id%3D90&amp;linkname=De%20l%E2%80%99idee%E2%80%A6au%20projet\" title=\"Google+\" rel=\"nofollow\" target=\"_blank\"><img src=\"http:\/\/www.flying-rv7.com\/wp-content\/plugins\/add-to-any\/icons\/google_plus.png\" width=\"16\" height=\"16\" alt=\"Google+\"\/><\/a><a class=\"a2a_dd addtoany_share_save\" href=\"http:\/\/www.addtoany.com\/share_save\" style=\"background:url(http:\/\/www.flying-rv7.com\/wp-content\/plugins\/add-to-any\/favicon.png) no-repeat scroll 4px 0px !important;padding:0 0 0 25px;display:inline-block;height:16px;vertical-align:middle\">Share<\/a>\n<script type=\"text\/javascript\"><!--\nwpa2a.script_load();\n\/\/--><\/script>\n<\/div><\/div>","protected":false},"excerpt":{"rendered":"<p>Depuis plusieurs mois, je cherchais \u00e0 combler une partie de mes soir\u00e9es par un projet me permettant d&#8217;acqu\u00e9rir de nouvelles comp\u00e9tences et une fois termin\u00e9 pouvant apporter beaucoup de plaisirs. <p><a href=\"http:\/\/www.flying-rv7.com\/?page_id=90\"><div class=\"readon\">Read more<\/div><\/a><\/p><\/p>\n","protected":false},"author":2,"featured_media":0,"parent":0,"menu_order":0,"comment_status":"open","ping_status":"closed","template":"","meta":[],"_links":{"self":[{"href":"http:\/\/www.flying-rv7.com\/index.php?rest_route=\/wp\/v2\/pages\/90"}],"collection":[{"href":"http:\/\/www.flying-rv7.com\/index.php?rest_route=\/wp\/v2\/pages"}],"about":[{"href":"http:\/\/www.flying-rv7.com\/index.php?rest_route=\/wp\/v2\/types\/page"}],"author":[{"embeddable":true,"href":"http:\/\/www.flying-rv7.com\/index.php?rest_route=\/wp\/v2\/users\/2"}],"replies":[{"embeddable":true,"href":"http:\/\/www.flying-rv7.com\/index.php?rest_route=%2Fwp%2Fv2%2Fcomments&post=90"}],"version-history":[{"count":21,"href":"http:\/\/www.flying-rv7.com\/index.php?rest_route=\/wp\/v2\/pages\/90\/revisions"}],"predecessor-version":[{"id":3152,"href":"http:\/\/www.flying-rv7.com\/index.php?rest_route=\/wp\/v2\/pages\/90\/revisions\/3152"}],"wp:attachment":[{"href":"http:\/\/www.flying-rv7.com\/index.php?rest_route=%2Fwp%2Fv2%2Fmedia&parent=90"}],"curies":[{"name":"wp","href":"https:\/\/api.w.org\/{rel}","templated":true}]}}