{"id":925,"date":"2014-04-28T12:39:32","date_gmt":"2014-04-28T12:39:32","guid":{"rendered":"http:\/\/www.flying-rv7.com\/?page_id=925"},"modified":"2019-01-06T20:33:04","modified_gmt":"2019-01-06T20:33:04","slug":"retour-dexperience-sur-la-construction","status":"publish","type":"page","link":"http:\/\/www.flying-rv7.com\/?page_id=925","title":{"rendered":"RETEX sur la construction"},"content":{"rendered":"<p>Vous retrouverez dans cette page les principaux retours faits au fil des pages de la construction sur les nombreux sujets sur lesquels je me suis pos\u00e9 des questions.<\/p>\n<p><strong>Rivetage<\/strong><br \/>\nConseil pour les d\u00e9butants comme moi&#8230;bien tenir la pince ou la riveteuse perpendiculi\u00e8re au longeron, les rivets n&#8217;en seront que plus droits.<br \/>\nLe principe est de devoir retirer le moins de rivets possibles ! A chacune de ces op\u00e9rations, on peut se retrouver \u00e0 devoir recommander une pi\u00e8ce&#8230;donc mieux vaut prendre 3 minutes de plus pour riveter plut\u00f4t que d&#8217;attendre 3 semaines la pi\u00e8ce abim\u00e9e&#8230;<\/p>\n<p>Le rivet \u00e0 t\u00eate ronde peut \u00eatre mis des 2 c\u00f4t\u00e9s de la pi\u00e8ce \u00e0 assembler.<br \/>\nJ&#8217;avais commenc\u00e9 \u00e0 mettre la t\u00eate du c\u00f4t\u00e9 du renfort et donc \u00e0 \u00e9craser le rivet du c\u00f4t\u00e9 de la pi\u00e8ce la plus fine.<br \/>\nAyant pos\u00e9 la question \u00e0 Manu (heureux constructeur d&#8217;un RV-7), il m&#8217;a dit que les t\u00eates de rivets se mettaient toujours du c\u00f4t\u00e9 le plus fragile pour des raisons \u00e9videntes de solidit\u00e9.<br \/>\nJ&#8217;ai donc laiss\u00e9 les rivets en place sur la premi\u00e8re longueur (du &#8220;mauvais&#8221; c\u00f4t\u00e9) et mis les rivets du bon c\u00f4t\u00e9 sur la seconde longueur. Aucune importance, mais c&#8217;est une question de norme de construction a\u00e9ro.<br \/>\nUn principe \u00e0 retenir pour tout le reste de la construction.<\/p>\n<p><strong>Pression en entr\u00e9e du rivet gun 3x utilis\u00e9 en fonction du rivet<\/strong><br \/>\n<center><img src=\"http:\/\/www.flying-rv7.com\/wp-content\/uploads\/2014\/05\/Capture1.jpg\" alt=\"\" \/><\/center><\/p>\n<div class=\"addtoany_share_save_container\"><div class=\"a2a_kit a2a_target addtoany_list\" id=\"wpa2a_1\"><a class=\"a2a_button_facebook\" href=\"http:\/\/www.addtoany.com\/add_to\/facebook?linkurl=http%3A%2F%2Fwww.flying-rv7.com%2F%3Fpage_id%3D925&amp;linkname=RETEX%20sur%20la%20construction\" title=\"Facebook\" rel=\"nofollow\" target=\"_blank\"><img src=\"http:\/\/www.flying-rv7.com\/wp-content\/plugins\/add-to-any\/icons\/facebook.png\" width=\"16\" height=\"16\" alt=\"Facebook\"\/><\/a><a class=\"a2a_button_twitter\" href=\"http:\/\/www.addtoany.com\/add_to\/twitter?linkurl=http%3A%2F%2Fwww.flying-rv7.com%2F%3Fpage_id%3D925&amp;linkname=RETEX%20sur%20la%20construction\" title=\"Twitter\" rel=\"nofollow\" target=\"_blank\"><img src=\"http:\/\/www.flying-rv7.com\/wp-content\/plugins\/add-to-any\/icons\/twitter.png\" width=\"16\" height=\"16\" alt=\"Twitter\"\/><\/a><a class=\"a2a_button_google_plus\" href=\"http:\/\/www.addtoany.com\/add_to\/google_plus?linkurl=http%3A%2F%2Fwww.flying-rv7.com%2F%3Fpage_id%3D925&amp;linkname=RETEX%20sur%20la%20construction\" title=\"Google+\" rel=\"nofollow\" target=\"_blank\"><img src=\"http:\/\/www.flying-rv7.com\/wp-content\/plugins\/add-to-any\/icons\/google_plus.png\" width=\"16\" height=\"16\" alt=\"Google+\"\/><\/a><a class=\"a2a_dd addtoany_share_save\" href=\"http:\/\/www.addtoany.com\/share_save\" style=\"background:url(http:\/\/www.flying-rv7.com\/wp-content\/plugins\/add-to-any\/favicon.png) no-repeat scroll 4px 0px !important;padding:0 0 0 25px;display:inline-block;height:16px;vertical-align:middle\">Share<\/a>\n<script type=\"text\/javascript\"><!--\nwpa2a.script_load();\n\/\/--><\/script>\n<\/div><\/div>","protected":false},"excerpt":{"rendered":"<p>Vous retrouverez dans cette page les principaux retours faits au fil des pages de la construction sur les nombreux sujets sur lesquels je me suis pos\u00e9 des questions. Rivetage Conseil <p><a href=\"http:\/\/www.flying-rv7.com\/?page_id=925\"><div class=\"readon\">Read more<\/div><\/a><\/p><\/p>\n","protected":false},"author":2,"featured_media":0,"parent":0,"menu_order":0,"comment_status":"closed","ping_status":"closed","template":"","meta":[],"_links":{"self":[{"href":"http:\/\/www.flying-rv7.com\/index.php?rest_route=\/wp\/v2\/pages\/925"}],"collection":[{"href":"http:\/\/www.flying-rv7.com\/index.php?rest_route=\/wp\/v2\/pages"}],"about":[{"href":"http:\/\/www.flying-rv7.com\/index.php?rest_route=\/wp\/v2\/types\/page"}],"author":[{"embeddable":true,"href":"http:\/\/www.flying-rv7.com\/index.php?rest_route=\/wp\/v2\/users\/2"}],"replies":[{"embeddable":true,"href":"http:\/\/www.flying-rv7.com\/index.php?rest_route=%2Fwp%2Fv2%2Fcomments&post=925"}],"version-history":[{"count":9,"href":"http:\/\/www.flying-rv7.com\/index.php?rest_route=\/wp\/v2\/pages\/925\/revisions"}],"predecessor-version":[{"id":3219,"href":"http:\/\/www.flying-rv7.com\/index.php?rest_route=\/wp\/v2\/pages\/925\/revisions\/3219"}],"wp:attachment":[{"href":"http:\/\/www.flying-rv7.com\/index.php?rest_route=%2Fwp%2Fv2%2Fmedia&parent=925"}],"curies":[{"name":"wp","href":"https:\/\/api.w.org\/{rel}","templated":true}]}}